{"id":17647,"date":"2024-10-28T12:53:32","date_gmt":"2024-10-28T17:53:32","guid":{"rendered":"https:\/\/wannerpumps.com\/technology\/principles-of-operation\/"},"modified":"2026-04-02T13:51:18","modified_gmt":"2026-04-02T18:51:18","slug":"principles-of-operation","status":"publish","type":"page","link":"https:\/\/wannerpumps.com\/pt-br\/technology\/principles-of-operation\/","title":{"rendered":"Princ\u00edpios de opera\u00e7\u00e3o"},"content":{"rendered":"","protected":false},"excerpt":{"rendered":"","protected":false},"author":4,"featured_media":0,"parent":17641,"menu_order":0,"comment_status":"closed","ping_status":"closed","template":"","meta":{"_acf_changed":false,"footnotes":""},"class_list":["post-17647","page","type-page","status-publish","hentry"],"acf":[],"yoast_head":"<!-- This site is optimized with the Yoast SEO plugin v26.7 - https:\/\/yoast.com\/wordpress\/plugins\/seo\/ -->\n<title>Princ\u00edpios de opera\u00e7\u00e3o - Wanner Pumps<\/title>\n<meta name=\"robots\" content=\"index, follow, max-snippet:-1, max-image-preview:large, max-video-preview:-1\" \/>\n<link rel=\"canonical\" href=\"https:\/\/wannerpumps.com\/pt-br\/technology\/principles-of-operation\/\" \/>\n<meta property=\"og:locale\" content=\"pt_BR\" \/>\n<meta property=\"og:type\" content=\"article\" \/>\n<meta property=\"og:title\" content=\"Princ\u00edpios de opera\u00e7\u00e3o - Wanner Pumps\" \/>\n<meta property=\"og:url\" content=\"https:\/\/wannerpumps.com\/pt-br\/technology\/principles-of-operation\/\" \/>\n<meta property=\"og:site_name\" content=\"Wanner Pumps\" \/>\n<meta property=\"article:modified_time\" content=\"2026-04-02T18:51:18+00:00\" \/>\n<meta property=\"og:image\" content=\"https:\/\/wannerpumps.com\/wp-content\/uploads\/2016\/04\/hydra-banner-2.jpg\" \/>\n\t<meta property=\"og:image:width\" content=\"1170\" \/>\n\t<meta property=\"og:image:height\" content=\"600\" \/>\n\t<meta property=\"og:image:type\" content=\"image\/jpeg\" \/>\n<meta name=\"twitter:card\" content=\"summary_large_image\" \/>\n<meta name=\"twitter:label1\" content=\"Est. reading time\" \/>\n\t<meta name=\"twitter:data1\" content=\"7 minutes\" \/>\n<script type=\"application\/ld+json\" class=\"yoast-schema-graph\">{\"@context\":\"https:\/\/schema.org\",\"@graph\":[{\"@type\":\"WebPage\",\"@id\":\"https:\/\/wannerpumps.com\/pt-br\/technology\/principles-of-operation\/\",\"url\":\"https:\/\/wannerpumps.com\/pt-br\/technology\/principles-of-operation\/\",\"name\":\"Princ\u00edpios de opera\u00e7\u00e3o - Wanner Pumps\",\"isPartOf\":{\"@id\":\"https:\/\/wannerpumps.com\/pt-br\/#website\"},\"datePublished\":\"2024-10-28T17:53:32+00:00\",\"dateModified\":\"2026-04-02T18:51:18+00:00\",\"breadcrumb\":{\"@id\":\"https:\/\/wannerpumps.com\/pt-br\/technology\/principles-of-operation\/#breadcrumb\"},\"inLanguage\":\"pt-BR\",\"potentialAction\":[{\"@type\":\"ReadAction\",\"target\":[\"https:\/\/wannerpumps.com\/pt-br\/technology\/principles-of-operation\/\"]}]},{\"@type\":\"BreadcrumbList\",\"@id\":\"https:\/\/wannerpumps.com\/pt-br\/technology\/principles-of-operation\/#breadcrumb\",\"itemListElement\":[{\"@type\":\"ListItem\",\"position\":1,\"name\":\"Home\",\"item\":\"https:\/\/wannerpumps.com\/pt-br\/\"},{\"@type\":\"ListItem\",\"position\":2,\"name\":\"Vantagens do Hydra-Cell\u00ae\",\"item\":\"https:\/\/wannerpumps.com\/pt-br\/technology\/\"},{\"@type\":\"ListItem\",\"position\":3,\"name\":\"Princ\u00edpios de opera\u00e7\u00e3o\"}]},{\"@type\":\"WebSite\",\"@id\":\"https:\/\/wannerpumps.com\/pt-br\/#website\",\"url\":\"https:\/\/wannerpumps.com\/pt-br\/\",\"name\":\"Wanner Pumps\",\"description\":\"Wanner Global\",\"publisher\":{\"@id\":\"https:\/\/wannerpumps.com\/pt-br\/#organization\"},\"potentialAction\":[{\"@type\":\"SearchAction\",\"target\":{\"@type\":\"EntryPoint\",\"urlTemplate\":\"https:\/\/wannerpumps.com\/pt-br\/?s={search_term_string}\"},\"query-input\":{\"@type\":\"PropertyValueSpecification\",\"valueRequired\":true,\"valueName\":\"search_term_string\"}}],\"inLanguage\":\"pt-BR\"},{\"@type\":\"Organization\",\"@id\":\"https:\/\/wannerpumps.com\/pt-br\/#organization\",\"name\":\"Wanner Pumps\",\"url\":\"https:\/\/wannerpumps.com\/pt-br\/\",\"logo\":{\"@type\":\"ImageObject\",\"inLanguage\":\"pt-BR\",\"@id\":\"https:\/\/wannerpumps.com\/pt-br\/#\/schema\/logo\/image\/\",\"url\":\"https:\/\/wannerpumps.com\/wp-content\/uploads\/2016\/05\/HC-Seal-less-Pumps-Logo-180.png\",\"contentUrl\":\"https:\/\/wannerpumps.com\/wp-content\/uploads\/2016\/05\/HC-Seal-less-Pumps-Logo-180.png\",\"width\":180,\"height\":63,\"caption\":\"Wanner Pumps\"},\"image\":{\"@id\":\"https:\/\/wannerpumps.com\/pt-br\/#\/schema\/logo\/image\/\"}}]}<\/script>\n<!-- \/ Yoast SEO plugin. -->","yoast_head_json":{"title":"Princ\u00edpios de opera\u00e7\u00e3o - Wanner Pumps","robots":{"index":"index","follow":"follow","max-snippet":"max-snippet:-1","max-image-preview":"max-image-preview:large","max-video-preview":"max-video-preview:-1"},"canonical":"https:\/\/wannerpumps.com\/pt-br\/technology\/principles-of-operation\/","og_locale":"pt_BR","og_type":"article","og_title":"Princ\u00edpios de opera\u00e7\u00e3o - Wanner Pumps","og_url":"https:\/\/wannerpumps.com\/pt-br\/technology\/principles-of-operation\/","og_site_name":"Wanner Pumps","article_modified_time":"2026-04-02T18:51:18+00:00","og_image":[{"width":1170,"height":600,"url":"https:\/\/wannerpumps.com\/wp-content\/uploads\/2016\/04\/hydra-banner-2.jpg","type":"image\/jpeg"}],"twitter_card":"summary_large_image","twitter_misc":{"Est. reading time":"7 minutes"},"schema":{"@context":"https:\/\/schema.org","@graph":[{"@type":"WebPage","@id":"https:\/\/wannerpumps.com\/pt-br\/technology\/principles-of-operation\/","url":"https:\/\/wannerpumps.com\/pt-br\/technology\/principles-of-operation\/","name":"Princ\u00edpios de opera\u00e7\u00e3o - Wanner Pumps","isPartOf":{"@id":"https:\/\/wannerpumps.com\/pt-br\/#website"},"datePublished":"2024-10-28T17:53:32+00:00","dateModified":"2026-04-02T18:51:18+00:00","breadcrumb":{"@id":"https:\/\/wannerpumps.com\/pt-br\/technology\/principles-of-operation\/#breadcrumb"},"inLanguage":"pt-BR","potentialAction":[{"@type":"ReadAction","target":["https:\/\/wannerpumps.com\/pt-br\/technology\/principles-of-operation\/"]}]},{"@type":"BreadcrumbList","@id":"https:\/\/wannerpumps.com\/pt-br\/technology\/principles-of-operation\/#breadcrumb","itemListElement":[{"@type":"ListItem","position":1,"name":"Home","item":"https:\/\/wannerpumps.com\/pt-br\/"},{"@type":"ListItem","position":2,"name":"Vantagens do Hydra-Cell\u00ae","item":"https:\/\/wannerpumps.com\/pt-br\/technology\/"},{"@type":"ListItem","position":3,"name":"Princ\u00edpios de opera\u00e7\u00e3o"}]},{"@type":"WebSite","@id":"https:\/\/wannerpumps.com\/pt-br\/#website","url":"https:\/\/wannerpumps.com\/pt-br\/","name":"Wanner Pumps","description":"Wanner Global","publisher":{"@id":"https:\/\/wannerpumps.com\/pt-br\/#organization"},"potentialAction":[{"@type":"SearchAction","target":{"@type":"EntryPoint","urlTemplate":"https:\/\/wannerpumps.com\/pt-br\/?s={search_term_string}"},"query-input":{"@type":"PropertyValueSpecification","valueRequired":true,"valueName":"search_term_string"}}],"inLanguage":"pt-BR"},{"@type":"Organization","@id":"https:\/\/wannerpumps.com\/pt-br\/#organization","name":"Wanner Pumps","url":"https:\/\/wannerpumps.com\/pt-br\/","logo":{"@type":"ImageObject","inLanguage":"pt-BR","@id":"https:\/\/wannerpumps.com\/pt-br\/#\/schema\/logo\/image\/","url":"https:\/\/wannerpumps.com\/wp-content\/uploads\/2016\/05\/HC-Seal-less-Pumps-Logo-180.png","contentUrl":"https:\/\/wannerpumps.com\/wp-content\/uploads\/2016\/05\/HC-Seal-less-Pumps-Logo-180.png","width":180,"height":63,"caption":"Wanner Pumps"},"image":{"@id":"https:\/\/wannerpumps.com\/pt-br\/#\/schema\/logo\/image\/"}}]}},"_links":{"self":[{"href":"https:\/\/wannerpumps.com\/pt-br\/wp-json\/wp\/v2\/pages\/17647","targetHints":{"allow":["GET"]}}],"collection":[{"href":"https:\/\/wannerpumps.com\/pt-br\/wp-json\/wp\/v2\/pages"}],"about":[{"href":"https:\/\/wannerpumps.com\/pt-br\/wp-json\/wp\/v2\/types\/page"}],"author":[{"embeddable":true,"href":"https:\/\/wannerpumps.com\/pt-br\/wp-json\/wp\/v2\/users\/4"}],"replies":[{"embeddable":true,"href":"https:\/\/wannerpumps.com\/pt-br\/wp-json\/wp\/v2\/comments?post=17647"}],"version-history":[{"count":5,"href":"https:\/\/wannerpumps.com\/pt-br\/wp-json\/wp\/v2\/pages\/17647\/revisions"}],"predecessor-version":[{"id":57125,"href":"https:\/\/wannerpumps.com\/pt-br\/wp-json\/wp\/v2\/pages\/17647\/revisions\/57125"}],"up":[{"embeddable":true,"href":"https:\/\/wannerpumps.com\/pt-br\/wp-json\/wp\/v2\/pages\/17641"}],"wp:attachment":[{"href":"https:\/\/wannerpumps.com\/pt-br\/wp-json\/wp\/v2\/media?parent=17647"}],"curies":[{"name":"wp","href":"https:\/\/api.w.org\/{rel}","templated":true}]}}